{"id":2244,"date":"2023-05-25T18:16:20","date_gmt":"2023-05-25T17:16:20","guid":{"rendered":"https:\/\/gustavosassone.com\/?page_id=2244"},"modified":"2023-08-17T08:50:54","modified_gmt":"2023-08-17T07:50:54","slug":"politica-de-privacidad","status":"publish","type":"page","link":"https:\/\/gustavosassone.com\/en\/politica-de-privacidad\/","title":{"rendered":"Privacy Policy"},"content":{"rendered":"<h2 class=\"wp-block-heading\">Privacy Policy<\/h2>\n\n\n\n<h3 class=\"wp-block-heading\"><strong>1- GENERAL<\/strong><\/h3>\n\n\n\n<p>As the operator of this website, Gustavo Sassone would like to use this privacy policy to explain what Data we process. This data protection declaration applies only to the Gustavo Sassone website. It does not apply to other sites or to sites linked to those sites.<\/p>\n\n\n\n<h4 class=\"wp-block-heading\"><strong>1.1- Personal data<\/strong><\/h4>\n\n\n\n<p>When visiting our website, we generally do not need any personal data. Only information about the name of your ISP, the web browser used, the operating system used, the files requested, the amount of data transferred, downloads, files exported and information about the sites you visit, we process your call, including the date and the hour. . The IP address is processed for technical needs and for legal protection. This is done using cookies and log files. By default, log files are deleted\/anonymized after seven days. For more information, see our <a href=\"\/en\/politica-de-cookies\/\">Cookies policy<\/a>.<\/p>\n\n\n\n<p>We only process your Personal Data to enable the services you need (for example, when requesting the email newsletter), as well as the performance of contracts (for example, requesting a gift certificate) and to ensure that our website is as effective as possible. and understandable to you and presented in an interesting way.<\/p>\n\n\n\n<p>The personal data that we obtain during the use of our website will be processed only for specific purposes. The website operator&#039;s legitimate interest in collecting data arises from Gustavo Sassone&#039;s interest in better protecting himself against attacks via the Internet in the future and in optimizing his own marketing. We observe the principle of data preservation and prevention, in which we mark mandatory fields with an (*) at the data collection level, for example, and it is not necessary to provide optional additional information.<\/p>\n\n\n\n<h4 class=\"wp-block-heading\"><strong>1.2 Exclusion of personal data<\/strong><\/h4>\n\n\n\n<p>As a general rule, we delete your personal data as soon as it is no longer necessary to process it for a specific purpose or for legal reasons. If we have to meet a special deadline due to a special processing situation (for example, an entry or a contest), we will indicate this in the corresponding paragraph on entries, contests, etc.<\/p>\n\n\n\n<p>Otherwise, we usually store your data for three years (standard limitation period) or up to 10 years, for example, for tax purposes.<\/p>\n\n\n\n<h4 class=\"wp-block-heading\"><strong>1.3 Transfer of data to third parties<\/strong><\/h4>\n\n\n\n<p>The transfer of personal data to third parties outside of Gustavo Sassone does not take place.<\/p>\n\n\n\n<p>Although the transmission of data over the Internet is not completely secure, we have taken appropriate technical and organizational measures to protect your data, which are continuously checked and updated to new security standards.<\/p>\n\n\n\n<h4 class=\"wp-block-heading\"><strong>1.4 Data security<\/strong><\/h4>\n\n\n\n<p>Gustavo Sassone does everything possible to protect our customers&#039; data.&nbsp;<\/p>\n\n\n\n<h4 class=\"wp-block-heading\"><strong>1.5 Online offers for minors&nbsp;<\/strong><\/h4>\n\n\n\n<p>A person under the age of 16 may not transmit any personal data to us or give a declaration of consent without the consent of their legal guardian. We encourage parents and guardians to actively participate in their children&#039;s online activities and interests.&nbsp;<\/p>\n\n\n\n<h4 class=\"wp-block-heading\"><strong>1.6 Contact form submissions<\/strong><\/h4>\n\n\n\n<p>There is a contact form on our website that you can use to contact us electronically. If you write to us via the contact form, we will process the data provided in the contact form in order to contact you and respond to your questions and requests. You only need to provide the data that we absolutely need to contact you. This is your email address and the message itself. You can also enter your name. If you provide us with only the mandatory information, you will not be disadvantaged. If you do not provide us with the required information, we may not be able to contact you. If you communicate with us by email, we will process the personal data communicated in the email solely for the purpose of processing and responding to your request. If you do not use the forms provided to contact you, no data will be collected.&nbsp;<\/p>\n\n\n\n<p>The processing of personal data takes place on the basis of your consent pursuant to art. 6\/1a), 4 no. 11 EU GDPR.&nbsp;<\/p>\n\n\n\n<h3 class=\"wp-block-heading\"><strong>2. Reserve Gustavo Sassone<\/strong><\/h3>\n\n\n\n<p>Gustavo Sassone reserves the right to change his data protection declaration at any time, in accordance with the data protection regulations. It is your responsibility to stay informed of changes by visiting this page regularly.<\/p>","protected":false},"excerpt":{"rendered":"<p>Pol\u00edtica de privacidad 1- GENERAL Como operador de este sitio web, quisiera usar esta pol\u00edtica de privacidad para explicar qu\u00e9 Datos procesamos. Esta declaraci\u00f3n de protecci\u00f3n de datos se aplica solo al sitio web . No se aplica a otros sitios ni a sitios vinculados a esos sitios. 1.1- Datos personales Al visitar nuestro sitio web, generalmente no necesitamos ning\u00fan dato personal. Solo informaci\u00f3n sobre el nombre de su ISP, el navegador web utilizado, el sistema operativo utilizado, los archivos solicitados, la cantidad de datos transferidos, descargas, archivos exportados e informaci\u00f3n sobre los sitios que visita, procesamos su llamada, incluida [&hellip;]<\/p>\n<a class=\"apuntame\" href=\"#contacto\">Contacto<\/a>","protected":false},"author":1,"featured_media":0,"parent":0,"menu_order":0,"comment_status":"closed","ping_status":"closed","template":"","meta":{"_uag_custom_page_level_css":"","site-sidebar-layout":"default","site-content-layout":"","ast-site-content-layout":"normal-width-container","site-content-style":"default","site-sidebar-style":"default","ast-global-header-display":"","ast-banner-title-visibility":"","ast-main-header-display":"","ast-hfb-above-header-display":"","ast-hfb-below-header-display":"","ast-hfb-mobile-header-display":"","site-post-title":"disabled","ast-breadcrumbs-content":"","ast-featured-img":"","footer-sml-layout":"","ast-disable-related-posts":"","theme-transparent-header-meta":"disabled","adv-header-id-meta":"","stick-header-meta":"","header-above-stick-meta":"","header-main-stick-meta":"","header-below-stick-meta":"","astra-migrate-meta-layouts":"","ast-page-background-enabled":"default","ast-page-background-meta":{"desktop":{"background-color":"","background-image":"","background-repeat":"repeat","background-position":"center center","background-size":"auto","background-attachment":"scroll","background-type":"","background-media":"","overlay-type":"","overlay-color":"","overlay-opacity":"","overlay-gradient":""},"tablet":{"background-color":"","background-image":"","background-repeat":"repeat","background-position":"center center","background-size":"auto","background-attachment":"scroll","background-type":"","background-media":"","overlay-type":"","overlay-color":"","overlay-opacity":"","overlay-gradient":""},"mobile":{"background-color":"","background-image":"","background-repeat":"repeat","background-position":"center center","background-size":"auto","background-attachment":"scroll","background-type":"","background-media":"","overlay-type":"","overlay-color":"","overlay-opacity":"","overlay-gradient":""}},"ast-content-background-meta":{"desktop":{"background-color":"var(--ast-global-color-5)","background-image":"","background-repeat":"repeat","background-position":"center center","background-size":"auto","background-attachment":"scroll","background-type":"","background-media":"","overlay-type":"","overlay-color":"","overlay-opacity":"","overlay-gradient":""},"tablet":{"background-color":"var(--ast-global-color-5)","background-image":"","background-repeat":"repeat","background-position":"center center","background-size":"auto","background-attachment":"scroll","background-type":"","background-media":"","overlay-type":"","overlay-color":"","overlay-opacity":"","overlay-gradient":""},"mobile":{"background-color":"var(--ast-global-color-5)","background-image":"","background-repeat":"repeat","background-position":"center center","background-size":"auto","background-attachment":"scroll","background-type":"","background-media":"","overlay-type":"","overlay-color":"","overlay-opacity":"","overlay-gradient":""}},"_EventAllDay":false,"_EventTimezone":"","_EventStartDate":"","_EventEndDate":"","_EventStartDateUTC":"","_EventEndDateUTC":"","_EventShowMap":false,"_EventShowMapLink":false,"_EventURL":"","_EventCost":"","_EventCostDescription":"","_EventCurrencySymbol":"","_EventCurrencyCode":"","_EventCurrencyPosition":"","_EventDateTimeSeparator":"","_EventTimeRangeSeparator":"","_EventOrganizerID":[],"_EventVenueID":[0],"_OrganizerEmail":"","_OrganizerPhone":"","_OrganizerWebsite":"","_VenueAddress":"","_VenueCity":"","_VenueCountry":"","_VenueProvince":"","_VenueState":"","_VenueZip":"","_VenuePhone":"","_VenueURL":"","_VenueStateProvince":"","_VenueLat":"","_VenueLng":"","_VenueShowMap":false,"_VenueShowMapLink":false,"footnotes":""},"class_list":["post-2244","page","type-page","status-publish","hentry"],"yoast_head":"<!-- This site is optimized with the Yoast SEO plugin v27.3 - https:\/\/yoast.com\/product\/yoast-seo-wordpress\/ -->\n<title>Pol\u00edtica de privacidad - Gustavo Sassone<\/title>\n<meta name=\"robots\" content=\"index, follow, max-snippet:-1, max-image-preview:large, max-video-preview:-1\" \/>\n<link rel=\"canonical\" href=\"https:\/\/gustavosassone.com\/en\/politica-de-privacidad\/\" \/>\n<meta property=\"og:locale\" content=\"en_GB\" \/>\n<meta property=\"og:type\" content=\"article\" \/>\n<meta property=\"og:title\" content=\"Pol\u00edtica de privacidad - Gustavo Sassone\" \/>\n<meta property=\"og:description\" content=\"Pol\u00edtica de privacidad 1- GENERAL Como operador de este sitio web, quisiera usar esta pol\u00edtica de privacidad para explicar qu\u00e9 Datos procesamos. Esta declaraci\u00f3n de protecci\u00f3n de datos se aplica solo al sitio web . No se aplica a otros sitios ni a sitios vinculados a esos sitios. 1.1- Datos personales Al visitar nuestro sitio web, generalmente no necesitamos ning\u00fan dato personal. Solo informaci\u00f3n sobre el nombre de su ISP, el navegador web utilizado, el sistema operativo utilizado, los archivos solicitados, la cantidad de datos transferidos, descargas, archivos exportados e informaci\u00f3n sobre los sitios que visita, procesamos su llamada, incluida [&hellip;]\" \/>\n<meta property=\"og:url\" content=\"https:\/\/gustavosassone.com\/en\/politica-de-privacidad\/\" \/>\n<meta property=\"og:site_name\" content=\"Gustavo Sassone\" \/>\n<meta property=\"article:publisher\" content=\"https:\/\/www.facebook.com\/gustavo.t.sassone\" \/>\n<meta property=\"article:modified_time\" content=\"2023-08-17T07:50:54+00:00\" \/>\n<meta name=\"twitter:card\" content=\"summary_large_image\" \/>\n<meta name=\"twitter:label1\" content=\"Estimated reading time\" \/>\n\t<meta name=\"twitter:data1\" content=\"4 minutes\" \/>\n<script type=\"application\/ld+json\" class=\"yoast-schema-graph\">{\"@context\":\"https:\\\/\\\/schema.org\",\"@graph\":[{\"@type\":\"WebPage\",\"@id\":\"https:\\\/\\\/gustavosassone.com\\\/politica-de-privacidad\\\/\",\"url\":\"https:\\\/\\\/gustavosassone.com\\\/politica-de-privacidad\\\/\",\"name\":\"Pol\u00edtica de privacidad - Gustavo Sassone\",\"isPartOf\":{\"@id\":\"https:\\\/\\\/gustavosassone.com\\\/#website\"},\"datePublished\":\"2023-05-25T17:16:20+00:00\",\"dateModified\":\"2023-08-17T07:50:54+00:00\",\"breadcrumb\":{\"@id\":\"https:\\\/\\\/gustavosassone.com\\\/politica-de-privacidad\\\/#breadcrumb\"},\"inLanguage\":\"en-GB\",\"potentialAction\":[{\"@type\":\"ReadAction\",\"target\":[\"https:\\\/\\\/gustavosassone.com\\\/politica-de-privacidad\\\/\"]}]},{\"@type\":\"BreadcrumbList\",\"@id\":\"https:\\\/\\\/gustavosassone.com\\\/politica-de-privacidad\\\/#breadcrumb\",\"itemListElement\":[{\"@type\":\"ListItem\",\"position\":1,\"name\":\"Home\",\"item\":\"https:\\\/\\\/gustavosassone.com\\\/\"},{\"@type\":\"ListItem\",\"position\":2,\"name\":\"Pol\u00edtica de privacidad\"}]},{\"@type\":\"WebSite\",\"@id\":\"https:\\\/\\\/gustavosassone.com\\\/#website\",\"url\":\"https:\\\/\\\/gustavosassone.com\\\/\",\"name\":\"Gustavo Sassone\",\"description\":\"Bater\u00eda y percusi\u00f3n\",\"publisher\":{\"@id\":\"https:\\\/\\\/gustavosassone.com\\\/#\\\/schema\\\/person\\\/79a1b3c2a953d999516d1467a2eb9e56\"},\"potentialAction\":[{\"@type\":\"SearchAction\",\"target\":{\"@type\":\"EntryPoint\",\"urlTemplate\":\"https:\\\/\\\/gustavosassone.com\\\/?s={search_term_string}\"},\"query-input\":{\"@type\":\"PropertyValueSpecification\",\"valueRequired\":true,\"valueName\":\"search_term_string\"}}],\"inLanguage\":\"en-GB\"},{\"@type\":[\"Person\",\"Organization\"],\"@id\":\"https:\\\/\\\/gustavosassone.com\\\/#\\\/schema\\\/person\\\/79a1b3c2a953d999516d1467a2eb9e56\",\"name\":\"Tato Sassone\",\"image\":{\"@type\":\"ImageObject\",\"inLanguage\":\"en-GB\",\"@id\":\"https:\\\/\\\/gustavosassone.com\\\/wp-content\\\/uploads\\\/2023\\\/06\\\/31.jpg\",\"url\":\"https:\\\/\\\/gustavosassone.com\\\/wp-content\\\/uploads\\\/2023\\\/06\\\/31.jpg\",\"contentUrl\":\"https:\\\/\\\/gustavosassone.com\\\/wp-content\\\/uploads\\\/2023\\\/06\\\/31.jpg\",\"width\":1500,\"height\":1071,\"caption\":\"Tato Sassone\"},\"logo\":{\"@id\":\"https:\\\/\\\/gustavosassone.com\\\/wp-content\\\/uploads\\\/2023\\\/06\\\/31.jpg\"},\"description\":\"Nac\u00ed en Buenos Aires, Argentina, y actualmente resido en Barcelona. Comenc\u00e9 a tocar la bater\u00eda con mis amigos del colegio y desde entonces llevo m\u00e1s de 20 a\u00f1os trabajando profesionalmente como baterista y percusionista\",\"sameAs\":[\"https:\\\/\\\/gustavosassone.com\\\/\",\"https:\\\/\\\/www.facebook.com\\\/gustavo.t.sassone\",\"https:\\\/\\\/www.instagram.com\\\/tatosassone\\\/\",\"https:\\\/\\\/www.linkedin.com\\\/in\\\/gustavo-sassone-bb484aa6\\\/\"]}]}<\/script>\n<!-- \/ Yoast SEO plugin. -->","yoast_head_json":{"title":"Pol\u00edtica de privacidad - Gustavo Sassone","robots":{"index":"index","follow":"follow","max-snippet":"max-snippet:-1","max-image-preview":"max-image-preview:large","max-video-preview":"max-video-preview:-1"},"canonical":"https:\/\/gustavosassone.com\/en\/politica-de-privacidad\/","og_locale":"en_GB","og_type":"article","og_title":"Pol\u00edtica de privacidad - Gustavo Sassone","og_description":"Pol\u00edtica de privacidad 1- GENERAL Como operador de este sitio web, quisiera usar esta pol\u00edtica de privacidad para explicar qu\u00e9 Datos procesamos. Esta declaraci\u00f3n de protecci\u00f3n de datos se aplica solo al sitio web . No se aplica a otros sitios ni a sitios vinculados a esos sitios. 1.1- Datos personales Al visitar nuestro sitio web, generalmente no necesitamos ning\u00fan dato personal. Solo informaci\u00f3n sobre el nombre de su ISP, el navegador web utilizado, el sistema operativo utilizado, los archivos solicitados, la cantidad de datos transferidos, descargas, archivos exportados e informaci\u00f3n sobre los sitios que visita, procesamos su llamada, incluida [&hellip;]","og_url":"https:\/\/gustavosassone.com\/en\/politica-de-privacidad\/","og_site_name":"Gustavo Sassone","article_publisher":"https:\/\/www.facebook.com\/gustavo.t.sassone","article_modified_time":"2023-08-17T07:50:54+00:00","twitter_card":"summary_large_image","twitter_misc":{"Estimated reading time":"4 minutes"},"schema":{"@context":"https:\/\/schema.org","@graph":[{"@type":"WebPage","@id":"https:\/\/gustavosassone.com\/politica-de-privacidad\/","url":"https:\/\/gustavosassone.com\/politica-de-privacidad\/","name":"Pol\u00edtica de privacidad - Gustavo Sassone","isPartOf":{"@id":"https:\/\/gustavosassone.com\/#website"},"datePublished":"2023-05-25T17:16:20+00:00","dateModified":"2023-08-17T07:50:54+00:00","breadcrumb":{"@id":"https:\/\/gustavosassone.com\/politica-de-privacidad\/#breadcrumb"},"inLanguage":"en-GB","potentialAction":[{"@type":"ReadAction","target":["https:\/\/gustavosassone.com\/politica-de-privacidad\/"]}]},{"@type":"BreadcrumbList","@id":"https:\/\/gustavosassone.com\/politica-de-privacidad\/#breadcrumb","itemListElement":[{"@type":"ListItem","position":1,"name":"Home","item":"https:\/\/gustavosassone.com\/"},{"@type":"ListItem","position":2,"name":"Pol\u00edtica de privacidad"}]},{"@type":"WebSite","@id":"https:\/\/gustavosassone.com\/#website","url":"https:\/\/gustavosassone.com\/","name":"Gustavo Sassone","description":"drums and percussion","publisher":{"@id":"https:\/\/gustavosassone.com\/#\/schema\/person\/79a1b3c2a953d999516d1467a2eb9e56"},"potentialAction":[{"@type":"SearchAction","target":{"@type":"EntryPoint","urlTemplate":"https:\/\/gustavosassone.com\/?s={search_term_string}"},"query-input":{"@type":"PropertyValueSpecification","valueRequired":true,"valueName":"search_term_string"}}],"inLanguage":"en-GB"},{"@type":["Person","Organization"],"@id":"https:\/\/gustavosassone.com\/#\/schema\/person\/79a1b3c2a953d999516d1467a2eb9e56","name":"Tato Sassone","image":{"@type":"ImageObject","inLanguage":"en-GB","@id":"https:\/\/gustavosassone.com\/wp-content\/uploads\/2023\/06\/31.jpg","url":"https:\/\/gustavosassone.com\/wp-content\/uploads\/2023\/06\/31.jpg","contentUrl":"https:\/\/gustavosassone.com\/wp-content\/uploads\/2023\/06\/31.jpg","width":1500,"height":1071,"caption":"Tato Sassone"},"logo":{"@id":"https:\/\/gustavosassone.com\/wp-content\/uploads\/2023\/06\/31.jpg"},"description":"I was born in Buenos Aires, Argentina, and currently reside in Barcelona. I started playing drums with my friends from school and since then I have been working professionally as a drummer and percussionist for more than 20 years.","sameAs":["https:\/\/gustavosassone.com\/","https:\/\/www.facebook.com\/gustavo.t.sassone","https:\/\/www.instagram.com\/tatosassone\/","https:\/\/www.linkedin.com\/in\/gustavo-sassone-bb484aa6\/"]}]}},"spectra_custom_meta":{"stackable_optimized_css":[""],"stackable_optimized_css_raw":["a:0:{}"],"_edit_lock":["1731004807:3"],"_edit_last":["1"],"_yoast_wpseo_content_score":["90"],"_yoast_wpseo_estimated-reading-time-minutes":["4"],"_yoast_wpseo_wordproof_timestamp":[""],"_uag_custom_page_level_css":[""],"theme-transparent-header-meta":["disabled"],"adv-header-id-meta":[""],"stick-header-meta":[""],"_EventAllDay":[""],"_EventTimezone":[""],"_EventStartDate":[""],"_EventEndDate":[""],"_EventStartDateUTC":[""],"_EventEndDateUTC":[""],"_EventShowMap":[""],"_EventShowMapLink":[""],"_EventURL":[""],"_EventCost":[""],"_EventCostDescription":[""],"_EventCurrencySymbol":[""],"_EventCurrencyCode":[""],"_EventCurrencyPosition":[""],"_EventDateTimeSeparator":[""],"_EventTimeRangeSeparator":[""],"_EventVenueID":["0"],"_OrganizerEmail":[""],"_OrganizerPhone":[""],"_OrganizerWebsite":[""],"_VenueAddress":[""],"_VenueCity":[""],"_VenueCountry":[""],"_VenueProvince":[""],"_VenueZip":[""],"_VenuePhone":[""],"_VenueURL":[""],"_VenueStateProvince":[""],"_VenueLat":[""],"_VenueLng":[""],"footnotes":[""],"site-post-title":["disabled"],"astra-migrate-meta-layouts":[""],"_VenueState":[""],"_VenueShowMap":[""],"_VenueShowMapLink":[""],"ast-site-content-layout":["normal-width-container"],"_uagb_previous_block_counts":["a:90:{s:21:\"uagb\/advanced-heading\";i:0;s:15:\"uagb\/blockquote\";i:0;s:12:\"uagb\/buttons\";i:0;s:18:\"uagb\/buttons-child\";i:0;s:19:\"uagb\/call-to-action\";i:0;s:15:\"uagb\/cf7-styler\";i:0;s:11:\"uagb\/column\";i:0;s:12:\"uagb\/columns\";i:0;s:14:\"uagb\/container\";i:0;s:21:\"uagb\/content-timeline\";i:0;s:27:\"uagb\/content-timeline-child\";i:0;s:14:\"uagb\/countdown\";i:0;s:12:\"uagb\/counter\";i:0;s:8:\"uagb\/faq\";i:0;s:14:\"uagb\/faq-child\";i:0;s:10:\"uagb\/forms\";i:0;s:17:\"uagb\/forms-accept\";i:0;s:19:\"uagb\/forms-checkbox\";i:0;s:15:\"uagb\/forms-date\";i:0;s:16:\"uagb\/forms-email\";i:0;s:17:\"uagb\/forms-hidden\";i:0;s:15:\"uagb\/forms-name\";i:0;s:16:\"uagb\/forms-phone\";i:0;s:16:\"uagb\/forms-radio\";i:0;s:17:\"uagb\/forms-select\";i:0;s:19:\"uagb\/forms-textarea\";i:0;s:17:\"uagb\/forms-toggle\";i:0;s:14:\"uagb\/forms-url\";i:0;s:14:\"uagb\/gf-styler\";i:0;s:15:\"uagb\/google-map\";i:0;s:11:\"uagb\/how-to\";i:0;s:16:\"uagb\/how-to-step\";i:0;s:9:\"uagb\/icon\";i:0;s:14:\"uagb\/icon-list\";i:0;s:20:\"uagb\/icon-list-child\";i:0;s:10:\"uagb\/image\";i:0;s:18:\"uagb\/image-gallery\";i:0;s:13:\"uagb\/info-box\";i:0;s:18:\"uagb\/inline-notice\";i:0;s:11:\"uagb\/lottie\";i:0;s:21:\"uagb\/marketing-button\";i:0;s:10:\"uagb\/modal\";i:0;s:18:\"uagb\/popup-builder\";i:0;s:16:\"uagb\/post-button\";i:0;s:18:\"uagb\/post-carousel\";i:0;s:17:\"uagb\/post-excerpt\";i:0;s:14:\"uagb\/post-grid\";i:0;s:15:\"uagb\/post-image\";i:0;s:17:\"uagb\/post-masonry\";i:0;s:14:\"uagb\/post-meta\";i:0;s:18:\"uagb\/post-taxonomy\";i:0;s:18:\"uagb\/post-timeline\";i:0;s:15:\"uagb\/post-title\";i:0;s:20:\"uagb\/restaurant-menu\";i:0;s:26:\"uagb\/restaurant-menu-child\";i:0;s:11:\"uagb\/review\";i:0;s:12:\"uagb\/section\";i:0;s:14:\"uagb\/separator\";i:0;s:11:\"uagb\/slider\";i:0;s:17:\"uagb\/slider-child\";i:0;s:17:\"uagb\/social-share\";i:0;s:23:\"uagb\/social-share-child\";i:0;s:16:\"uagb\/star-rating\";i:0;s:23:\"uagb\/sure-cart-checkout\";i:0;s:22:\"uagb\/sure-cart-product\";i:0;s:15:\"uagb\/sure-forms\";i:0;s:22:\"uagb\/table-of-contents\";i:0;s:9:\"uagb\/tabs\";i:0;s:15:\"uagb\/tabs-child\";i:0;s:18:\"uagb\/taxonomy-list\";i:0;s:9:\"uagb\/team\";i:0;s:16:\"uagb\/testimonial\";i:0;s:14:\"uagb\/wp-search\";i:0;s:19:\"uagb\/instagram-feed\";i:0;s:10:\"uagb\/login\";i:0;s:17:\"uagb\/loop-builder\";i:0;s:18:\"uagb\/loop-category\";i:0;s:20:\"uagb\/loop-pagination\";i:0;s:15:\"uagb\/loop-reset\";i:0;s:16:\"uagb\/loop-search\";i:0;s:14:\"uagb\/loop-sort\";i:0;s:17:\"uagb\/loop-wrapper\";i:0;s:13:\"uagb\/register\";i:0;s:19:\"uagb\/register-email\";i:0;s:24:\"uagb\/register-first-name\";i:0;s:23:\"uagb\/register-last-name\";i:0;s:22:\"uagb\/register-password\";i:0;s:30:\"uagb\/register-reenter-password\";i:0;s:19:\"uagb\/register-terms\";i:0;s:22:\"uagb\/register-username\";i:0;}"],"_uag_page_assets":["a:9:{s:3:\"css\";s:761:\".wp-block-uagb-advanced-heading.uagb-block-ee26ac92.wp-block-uagb-advanced-heading .uagb-desc-text{margin-bottom: 15px;}.wp-block-uagb-advanced-heading.uagb-block-ee26ac92.wp-block-uagb-advanced-heading .uagb-highlight{font-style: normal;font-weight: Default;background: #007cba;color: #fff;-webkit-text-fill-color: #fff;}.wp-block-uagb-advanced-heading.uagb-block-ee26ac92.wp-block-uagb-advanced-heading .uagb-highlight::-moz-selection{color: #fff;background: #007cba;-webkit-text-fill-color: #fff;}.wp-block-uagb-advanced-heading.uagb-block-ee26ac92.wp-block-uagb-advanced-heading .uagb-highlight::selection{color: #fff;background: #007cba;-webkit-text-fill-color: #fff;}.wp-block-uagb-advanced-heading.uagb-block-ee26ac92 .uagb-heading-text{font-size: 35px;}\";s:2:\"js\";s:0:\"\";s:18:\"current_block_list\";a:10:{i:0;s:12:\"core\/heading\";i:1;s:14:\"core\/paragraph\";i:2;s:11:\"core\/search\";i:3;s:10:\"core\/group\";i:4;s:17:\"core\/latest-posts\";i:5;s:20:\"core\/latest-comments\";i:6;s:13:\"core\/archives\";i:7;s:15:\"core\/categories\";i:8;s:10:\"core\/image\";i:9;s:21:\"uagb\/advanced-heading\";}s:8:\"uag_flag\";b:1;s:11:\"uag_version\";s:10:\"1774982917\";s:6:\"gfonts\";a:0:{}s:10:\"gfonts_url\";s:0:\"\";s:12:\"gfonts_files\";a:0:{}s:14:\"uag_faq_layout\";b:0;}"]},"uagb_featured_image_src":{"full":false,"thumbnail":false,"medium":false,"medium_large":false,"large":false,"1536x1536":false,"2048x2048":false,"trp-custom-language-flag":false,"widget-thumbnail":false,"mailpoet_newsletter_max":false},"uagb_author_info":{"display_name":"woosimon","author_link":"https:\/\/gustavosassone.com\/en\/author\/woosimon\/"},"uagb_comment_info":0,"uagb_excerpt":"Pol\u00edtica de privacidad 1- GENERAL Como operador de este sitio web, quisiera usar esta pol\u00edtica de privacidad para explicar qu\u00e9 Datos procesamos. Esta declaraci\u00f3n de protecci\u00f3n de datos se aplica solo al sitio web . No se aplica a otros sitios ni a sitios vinculados a esos sitios. 1.1- Datos personales Al visitar nuestro sitio&hellip;","_links":{"self":[{"href":"https:\/\/gustavosassone.com\/en\/wp-json\/wp\/v2\/pages\/2244","targetHints":{"allow":["GET"]}}],"collection":[{"href":"https:\/\/gustavosassone.com\/en\/wp-json\/wp\/v2\/pages"}],"about":[{"href":"https:\/\/gustavosassone.com\/en\/wp-json\/wp\/v2\/types\/page"}],"author":[{"embeddable":true,"href":"https:\/\/gustavosassone.com\/en\/wp-json\/wp\/v2\/users\/1"}],"replies":[{"embeddable":true,"href":"https:\/\/gustavosassone.com\/en\/wp-json\/wp\/v2\/comments?post=2244"}],"version-history":[{"count":3,"href":"https:\/\/gustavosassone.com\/en\/wp-json\/wp\/v2\/pages\/2244\/revisions"}],"predecessor-version":[{"id":3550,"href":"https:\/\/gustavosassone.com\/en\/wp-json\/wp\/v2\/pages\/2244\/revisions\/3550"}],"wp:attachment":[{"href":"https:\/\/gustavosassone.com\/en\/wp-json\/wp\/v2\/media?parent=2244"}],"curies":[{"name":"wp","href":"https:\/\/api.w.org\/{rel}","templated":true}]}}