{"id":2247,"date":"2023-05-25T18:22:35","date_gmt":"2023-05-25T17:22:35","guid":{"rendered":"https:\/\/gustavosassone.com\/?page_id=2247"},"modified":"2024-12-11T12:22:51","modified_gmt":"2024-12-11T11:22:51","slug":"politica-de-cookies","status":"publish","type":"page","link":"https:\/\/gustavosassone.com\/en\/politica-de-cookies\/","title":{"rendered":"Cookies policy"},"content":{"rendered":"<h2 class=\"wp-block-heading\">Cookies policy<\/h2>\n\n\n\n<p>This Cookie Policy explains what cookies are and how we use them, the types of cookies we use, i.e. the information we collect using cookies and how that information is used, and how to control cookie preferences.<\/p>\n\n\n\n<p>For more information on how we use, store and keep your personal data secure, please see our <a href=\"\/en\/politica-de-privacidad\/\">privacy policy<\/a>.<\/p>\n\n\n\n<p>At any time you can change or withdraw your consent to the Cookie Statement on our website.<\/p>\n\n\n\n<p>Find out more about who we are, how you can contact us and how we process personal data on our <a href=\"\/en\/politica-de-privacidad\/\">privacy policy<\/a>.<\/p>\n\n\n\n<p>Your consent applies to the following websites: Gustavo Sassone<\/p>\n\n\n\n<h4 class=\"wp-block-heading\">What are cookies?<\/h4>\n\n\n\n<p>Cookies are small text files that are used to store small pieces of information. They are stored on your device when the website is loaded in your browser. These cookies help us make the website work properly, make it more secure, provide a better user experience, and understand how the website works and analyze what works and where it needs improvement.<\/p>\n\n\n\n<h4 class=\"wp-block-heading\">How do we use cookies?<\/h4>\n\n\n\n<p>Like most online services, our website uses its own and third-party cookies for various purposes. First party cookies are mostly necessary for the website to function properly and do not collect any of your personally identifiable data.<\/p>\n\n\n\n<p>The third-party cookies used on our website are primarily to understand how the website works, how you interact with our website, keep our services secure, provide advertisements that are relevant to you, and generally provide you with a better and improved user experience. experiment and help speed up your future interactions with our website.<\/p>\n\n\n\n<h4 class=\"wp-block-heading\">What types of cookies do we use?<\/h4>\n\n\n\n<p>Essential: Some cookies are essential for you to experience the full functionality of our site. They allow us to maintain user sessions and prevent any security threats. They do not collect or store any personal information. For example, these cookies allow you to log into your account and add products to your basket and checkout securely.<\/p>\n\n\n\n<p>Statistics: These cookies store information such as the number of visitors to the website, the number of unique visitors, which pages of the website have been visited, the source of the visit, etc. This data helps us understand and analyze how well the website is performing. and where you need to improve.<\/p>\n\n\n\n<p>Marketing: Our website displays advertisements. These cookies are used to personalize the ads we show you so that they are meaningful to you. These cookies also help us track the efficiency of these advertising campaigns.<\/p>\n\n\n\n<p>The information stored in these cookies may also be used by third-party ad providers to show you ads on other websites in the browser as well.<br>Functional: These are cookies that help certain non-essential functionality on our website. These functionalities include embedding content such as videos or sharing website content on social media platforms.<\/p>\n\n\n\n<p>Preferences: These cookies help us store your settings and browsing preferences, such as language preferences, so that you have a better and more efficient experience on future visits to the website.<\/p>\n\n\n\n<p>The following list details the cookies used on our website.<\/p>\n\n\n\n<div class=\"cky-audit-table-element\">&nbsp;<\/div>\n\n\n\n<h4 class=\"wp-block-heading\">How can I control cookie preferences?<\/h4>\n\n\n\n<p>If you decide to change your preferences later in your browsing session, you can click on &quot;Cookie Settings&quot; below. This will display the consent notice again, allowing you to change your preferences or withdraw your consent entirely.<\/p>\n\n\n\n<a class=\"cky-banner-element\">Cookie Settings<\/a>\n\n\n\n<p>In addition to this, different browsers provide different methods to block and delete cookies used by websites. You can change your browser settings to block\/delete cookies. For more information on how to manage and delete cookies, visit wikipedia.org, www.allaboutcookies.org.<\/p>","protected":false},"excerpt":{"rendered":"<p>Pol\u00edtica de cookies Esta Pol\u00edtica de cookies explica qu\u00e9 son las cookies y c\u00f3mo las usamos, los tipos de cookies que usamos, es decir, la informaci\u00f3n que recopilamos usando cookies y c\u00f3mo se usa esa informaci\u00f3n, y c\u00f3mo controlar las preferencias de cookies. Para obtener m\u00e1s informaci\u00f3n sobre c\u00f3mo usamos, almacenamos y mantenemos seguros sus datos personales, consulte nuestra pol\u00edtica de privicidad. En cualquier momento puede cambiar o retirar su consentimiento de la Declaraci\u00f3n de cookies en nuestro sitio web. Obtenga m\u00e1s informaci\u00f3n sobre qui\u00e9nes somos, c\u00f3mo puede contactarnos y c\u00f3mo procesamos los datos personales en nuestra pol\u00edtica de privicidad. [&hellip;]<\/p>\n<a class=\"apuntame\" href=\"#contacto\">Contacto<\/a>","protected":false},"author":1,"featured_media":0,"parent":0,"menu_order":0,"comment_status":"closed","ping_status":"closed","template":"","meta":{"_uag_custom_page_level_css":"","site-sidebar-layout":"default","site-content-layout":"","ast-site-content-layout":"normal-width-container","site-content-style":"default","site-sidebar-style":"default","ast-global-header-display":"","ast-banner-title-visibility":"","ast-main-header-display":"","ast-hfb-above-header-display":"","ast-hfb-below-header-display":"","ast-hfb-mobile-header-display":"","site-post-title":"disabled","ast-breadcrumbs-content":"","ast-featured-img":"","footer-sml-layout":"","ast-disable-related-posts":"","theme-transparent-header-meta":"disabled","adv-header-id-meta":"","stick-header-meta":"","header-above-stick-meta":"","header-main-stick-meta":"","header-below-stick-meta":"","astra-migrate-meta-layouts":"","ast-page-background-enabled":"default","ast-page-background-meta":{"desktop":{"background-color":"","background-image":"","background-repeat":"repeat","background-position":"center center","background-size":"auto","background-attachment":"scroll","background-type":"","background-media":"","overlay-type":"","overlay-color":"","overlay-opacity":"","overlay-gradient":""},"tablet":{"background-color":"","background-image":"","background-repeat":"repeat","background-position":"center center","background-size":"auto","background-attachment":"scroll","background-type":"","background-media":"","overlay-type":"","overlay-color":"","overlay-opacity":"","overlay-gradient":""},"mobile":{"background-color":"","background-image":"","background-repeat":"repeat","background-position":"center center","background-size":"auto","background-attachment":"scroll","background-type":"","background-media":"","overlay-type":"","overlay-color":"","overlay-opacity":"","overlay-gradient":""}},"ast-content-background-meta":{"desktop":{"background-color":"var(--ast-global-color-5)","background-image":"","background-repeat":"repeat","background-position":"center center","background-size":"auto","background-attachment":"scroll","background-type":"","background-media":"","overlay-type":"","overlay-color":"","overlay-opacity":"","overlay-gradient":""},"tablet":{"background-color":"var(--ast-global-color-5)","background-image":"","background-repeat":"repeat","background-position":"center center","background-size":"auto","background-attachment":"scroll","background-type":"","background-media":"","overlay-type":"","overlay-color":"","overlay-opacity":"","overlay-gradient":""},"mobile":{"background-color":"var(--ast-global-color-5)","background-image":"","background-repeat":"repeat","background-position":"center center","background-size":"auto","background-attachment":"scroll","background-type":"","background-media":"","overlay-type":"","overlay-color":"","overlay-opacity":"","overlay-gradient":""}},"_EventAllDay":false,"_EventTimezone":"","_EventStartDate":"","_EventEndDate":"","_EventStartDateUTC":"","_EventEndDateUTC":"","_EventShowMap":false,"_EventShowMapLink":false,"_EventURL":"","_EventCost":"","_EventCostDescription":"","_EventCurrencySymbol":"","_EventCurrencyCode":"","_EventCurrencyPosition":"","_EventDateTimeSeparator":"","_EventTimeRangeSeparator":"","_EventOrganizerID":[],"_EventVenueID":[0],"_OrganizerEmail":"","_OrganizerPhone":"","_OrganizerWebsite":"","_VenueAddress":"","_VenueCity":"","_VenueCountry":"","_VenueProvince":"","_VenueState":"","_VenueZip":"","_VenuePhone":"","_VenueURL":"","_VenueStateProvince":"","_VenueLat":"","_VenueLng":"","_VenueShowMap":false,"_VenueShowMapLink":false,"footnotes":""},"class_list":["post-2247","page","type-page","status-publish","hentry"],"yoast_head":"<!-- This site is optimized with the Yoast SEO plugin v27.3 - https:\/\/yoast.com\/product\/yoast-seo-wordpress\/ -->\n<title>Pol\u00edtica de cookies - Gustavo Sassone<\/title>\n<meta name=\"robots\" content=\"index, follow, max-snippet:-1, max-image-preview:large, max-video-preview:-1\" \/>\n<link rel=\"canonical\" href=\"https:\/\/gustavosassone.com\/en\/politica-de-cookies\/\" \/>\n<meta property=\"og:locale\" content=\"en_GB\" \/>\n<meta property=\"og:type\" content=\"article\" \/>\n<meta property=\"og:title\" content=\"Pol\u00edtica de cookies - Gustavo Sassone\" \/>\n<meta property=\"og:description\" content=\"Pol\u00edtica de cookies Esta Pol\u00edtica de cookies explica qu\u00e9 son las cookies y c\u00f3mo las usamos, los tipos de cookies que usamos, es decir, la informaci\u00f3n que recopilamos usando cookies y c\u00f3mo se usa esa informaci\u00f3n, y c\u00f3mo controlar las preferencias de cookies. Para obtener m\u00e1s informaci\u00f3n sobre c\u00f3mo usamos, almacenamos y mantenemos seguros sus datos personales, consulte nuestra pol\u00edtica de privicidad. En cualquier momento puede cambiar o retirar su consentimiento de la Declaraci\u00f3n de cookies en nuestro sitio web. Obtenga m\u00e1s informaci\u00f3n sobre qui\u00e9nes somos, c\u00f3mo puede contactarnos y c\u00f3mo procesamos los datos personales en nuestra pol\u00edtica de privicidad. [&hellip;]\" \/>\n<meta property=\"og:url\" content=\"https:\/\/gustavosassone.com\/en\/politica-de-cookies\/\" \/>\n<meta property=\"og:site_name\" content=\"Gustavo Sassone\" \/>\n<meta property=\"article:publisher\" content=\"https:\/\/www.facebook.com\/gustavo.t.sassone\" \/>\n<meta property=\"article:modified_time\" content=\"2024-12-11T11:22:51+00:00\" \/>\n<meta name=\"twitter:card\" content=\"summary_large_image\" \/>\n<meta name=\"twitter:label1\" content=\"Estimated reading time\" \/>\n\t<meta name=\"twitter:data1\" content=\"3 minutes\" \/>\n<script type=\"application\/ld+json\" class=\"yoast-schema-graph\">{\"@context\":\"https:\\\/\\\/schema.org\",\"@graph\":[{\"@type\":\"WebPage\",\"@id\":\"https:\\\/\\\/gustavosassone.com\\\/politica-de-cookies\\\/\",\"url\":\"https:\\\/\\\/gustavosassone.com\\\/politica-de-cookies\\\/\",\"name\":\"Pol\u00edtica de cookies - Gustavo Sassone\",\"isPartOf\":{\"@id\":\"https:\\\/\\\/gustavosassone.com\\\/#website\"},\"datePublished\":\"2023-05-25T17:22:35+00:00\",\"dateModified\":\"2024-12-11T11:22:51+00:00\",\"breadcrumb\":{\"@id\":\"https:\\\/\\\/gustavosassone.com\\\/politica-de-cookies\\\/#breadcrumb\"},\"inLanguage\":\"en-GB\",\"potentialAction\":[{\"@type\":\"ReadAction\",\"target\":[\"https:\\\/\\\/gustavosassone.com\\\/politica-de-cookies\\\/\"]}]},{\"@type\":\"BreadcrumbList\",\"@id\":\"https:\\\/\\\/gustavosassone.com\\\/politica-de-cookies\\\/#breadcrumb\",\"itemListElement\":[{\"@type\":\"ListItem\",\"position\":1,\"name\":\"Home\",\"item\":\"https:\\\/\\\/gustavosassone.com\\\/\"},{\"@type\":\"ListItem\",\"position\":2,\"name\":\"Pol\u00edtica de cookies\"}]},{\"@type\":\"WebSite\",\"@id\":\"https:\\\/\\\/gustavosassone.com\\\/#website\",\"url\":\"https:\\\/\\\/gustavosassone.com\\\/\",\"name\":\"Gustavo Sassone\",\"description\":\"Bater\u00eda y percusi\u00f3n\",\"publisher\":{\"@id\":\"https:\\\/\\\/gustavosassone.com\\\/#\\\/schema\\\/person\\\/79a1b3c2a953d999516d1467a2eb9e56\"},\"potentialAction\":[{\"@type\":\"SearchAction\",\"target\":{\"@type\":\"EntryPoint\",\"urlTemplate\":\"https:\\\/\\\/gustavosassone.com\\\/?s={search_term_string}\"},\"query-input\":{\"@type\":\"PropertyValueSpecification\",\"valueRequired\":true,\"valueName\":\"search_term_string\"}}],\"inLanguage\":\"en-GB\"},{\"@type\":[\"Person\",\"Organization\"],\"@id\":\"https:\\\/\\\/gustavosassone.com\\\/#\\\/schema\\\/person\\\/79a1b3c2a953d999516d1467a2eb9e56\",\"name\":\"Tato Sassone\",\"image\":{\"@type\":\"ImageObject\",\"inLanguage\":\"en-GB\",\"@id\":\"https:\\\/\\\/gustavosassone.com\\\/wp-content\\\/uploads\\\/2023\\\/06\\\/31.jpg\",\"url\":\"https:\\\/\\\/gustavosassone.com\\\/wp-content\\\/uploads\\\/2023\\\/06\\\/31.jpg\",\"contentUrl\":\"https:\\\/\\\/gustavosassone.com\\\/wp-content\\\/uploads\\\/2023\\\/06\\\/31.jpg\",\"width\":1500,\"height\":1071,\"caption\":\"Tato Sassone\"},\"logo\":{\"@id\":\"https:\\\/\\\/gustavosassone.com\\\/wp-content\\\/uploads\\\/2023\\\/06\\\/31.jpg\"},\"description\":\"Nac\u00ed en Buenos Aires, Argentina, y actualmente resido en Barcelona. Comenc\u00e9 a tocar la bater\u00eda con mis amigos del colegio y desde entonces llevo m\u00e1s de 20 a\u00f1os trabajando profesionalmente como baterista y percusionista\",\"sameAs\":[\"https:\\\/\\\/gustavosassone.com\\\/\",\"https:\\\/\\\/www.facebook.com\\\/gustavo.t.sassone\",\"https:\\\/\\\/www.instagram.com\\\/tatosassone\\\/\",\"https:\\\/\\\/www.linkedin.com\\\/in\\\/gustavo-sassone-bb484aa6\\\/\"]}]}<\/script>\n<!-- \/ Yoast SEO plugin. -->","yoast_head_json":{"title":"Pol\u00edtica de cookies - Gustavo Sassone","robots":{"index":"index","follow":"follow","max-snippet":"max-snippet:-1","max-image-preview":"max-image-preview:large","max-video-preview":"max-video-preview:-1"},"canonical":"https:\/\/gustavosassone.com\/en\/politica-de-cookies\/","og_locale":"en_GB","og_type":"article","og_title":"Pol\u00edtica de cookies - Gustavo Sassone","og_description":"Pol\u00edtica de cookies Esta Pol\u00edtica de cookies explica qu\u00e9 son las cookies y c\u00f3mo las usamos, los tipos de cookies que usamos, es decir, la informaci\u00f3n que recopilamos usando cookies y c\u00f3mo se usa esa informaci\u00f3n, y c\u00f3mo controlar las preferencias de cookies. Para obtener m\u00e1s informaci\u00f3n sobre c\u00f3mo usamos, almacenamos y mantenemos seguros sus datos personales, consulte nuestra pol\u00edtica de privicidad. En cualquier momento puede cambiar o retirar su consentimiento de la Declaraci\u00f3n de cookies en nuestro sitio web. Obtenga m\u00e1s informaci\u00f3n sobre qui\u00e9nes somos, c\u00f3mo puede contactarnos y c\u00f3mo procesamos los datos personales en nuestra pol\u00edtica de privicidad. [&hellip;]","og_url":"https:\/\/gustavosassone.com\/en\/politica-de-cookies\/","og_site_name":"Gustavo Sassone","article_publisher":"https:\/\/www.facebook.com\/gustavo.t.sassone","article_modified_time":"2024-12-11T11:22:51+00:00","twitter_card":"summary_large_image","twitter_misc":{"Estimated reading time":"3 minutes"},"schema":{"@context":"https:\/\/schema.org","@graph":[{"@type":"WebPage","@id":"https:\/\/gustavosassone.com\/politica-de-cookies\/","url":"https:\/\/gustavosassone.com\/politica-de-cookies\/","name":"Pol\u00edtica de cookies - Gustavo Sassone","isPartOf":{"@id":"https:\/\/gustavosassone.com\/#website"},"datePublished":"2023-05-25T17:22:35+00:00","dateModified":"2024-12-11T11:22:51+00:00","breadcrumb":{"@id":"https:\/\/gustavosassone.com\/politica-de-cookies\/#breadcrumb"},"inLanguage":"en-GB","potentialAction":[{"@type":"ReadAction","target":["https:\/\/gustavosassone.com\/politica-de-cookies\/"]}]},{"@type":"BreadcrumbList","@id":"https:\/\/gustavosassone.com\/politica-de-cookies\/#breadcrumb","itemListElement":[{"@type":"ListItem","position":1,"name":"Home","item":"https:\/\/gustavosassone.com\/"},{"@type":"ListItem","position":2,"name":"Pol\u00edtica de cookies"}]},{"@type":"WebSite","@id":"https:\/\/gustavosassone.com\/#website","url":"https:\/\/gustavosassone.com\/","name":"Gustavo Sassone","description":"drums and percussion","publisher":{"@id":"https:\/\/gustavosassone.com\/#\/schema\/person\/79a1b3c2a953d999516d1467a2eb9e56"},"potentialAction":[{"@type":"SearchAction","target":{"@type":"EntryPoint","urlTemplate":"https:\/\/gustavosassone.com\/?s={search_term_string}"},"query-input":{"@type":"PropertyValueSpecification","valueRequired":true,"valueName":"search_term_string"}}],"inLanguage":"en-GB"},{"@type":["Person","Organization"],"@id":"https:\/\/gustavosassone.com\/#\/schema\/person\/79a1b3c2a953d999516d1467a2eb9e56","name":"Tato Sassone","image":{"@type":"ImageObject","inLanguage":"en-GB","@id":"https:\/\/gustavosassone.com\/wp-content\/uploads\/2023\/06\/31.jpg","url":"https:\/\/gustavosassone.com\/wp-content\/uploads\/2023\/06\/31.jpg","contentUrl":"https:\/\/gustavosassone.com\/wp-content\/uploads\/2023\/06\/31.jpg","width":1500,"height":1071,"caption":"Tato Sassone"},"logo":{"@id":"https:\/\/gustavosassone.com\/wp-content\/uploads\/2023\/06\/31.jpg"},"description":"I was born in Buenos Aires, Argentina, and currently reside in Barcelona. I started playing drums with my friends from school and since then I have been working professionally as a drummer and percussionist for more than 20 years.","sameAs":["https:\/\/gustavosassone.com\/","https:\/\/www.facebook.com\/gustavo.t.sassone","https:\/\/www.instagram.com\/tatosassone\/","https:\/\/www.linkedin.com\/in\/gustavo-sassone-bb484aa6\/"]}]}},"spectra_custom_meta":{"stackable_optimized_css":[""],"stackable_optimized_css_raw":["a:0:{}"],"_edit_lock":["1733916171:1"],"_edit_last":["1"],"_yoast_wpseo_content_score":["90"],"_yoast_wpseo_estimated-reading-time-minutes":["3"],"_yoast_wpseo_wordproof_timestamp":[""],"_uag_custom_page_level_css":[""],"theme-transparent-header-meta":["disabled"],"adv-header-id-meta":[""],"stick-header-meta":[""],"_EventAllDay":[""],"_EventTimezone":[""],"_EventStartDate":[""],"_EventEndDate":[""],"_EventStartDateUTC":[""],"_EventEndDateUTC":[""],"_EventShowMap":[""],"_EventShowMapLink":[""],"_EventURL":[""],"_EventCost":[""],"_EventCostDescription":[""],"_EventCurrencySymbol":[""],"_EventCurrencyCode":[""],"_EventCurrencyPosition":[""],"_EventDateTimeSeparator":[""],"_EventTimeRangeSeparator":[""],"_EventVenueID":["0"],"_OrganizerEmail":[""],"_OrganizerPhone":[""],"_OrganizerWebsite":[""],"_VenueAddress":[""],"_VenueCity":[""],"_VenueCountry":[""],"_VenueProvince":[""],"_VenueZip":[""],"_VenuePhone":[""],"_VenueURL":[""],"_VenueStateProvince":[""],"_VenueLat":[""],"_VenueLng":[""],"footnotes":[""],"ast-site-content-layout":["normal-width-container"],"astra-migrate-meta-layouts":[""],"_VenueState":[""],"_VenueShowMap":[""],"_VenueShowMapLink":[""],"site-post-title":["disabled"],"_uagb_previous_block_counts":["a:90:{s:21:\"uagb\/advanced-heading\";i:0;s:15:\"uagb\/blockquote\";i:0;s:12:\"uagb\/buttons\";i:0;s:18:\"uagb\/buttons-child\";i:0;s:19:\"uagb\/call-to-action\";i:0;s:15:\"uagb\/cf7-styler\";i:0;s:11:\"uagb\/column\";i:0;s:12:\"uagb\/columns\";i:0;s:14:\"uagb\/container\";i:0;s:21:\"uagb\/content-timeline\";i:0;s:27:\"uagb\/content-timeline-child\";i:0;s:14:\"uagb\/countdown\";i:0;s:12:\"uagb\/counter\";i:0;s:8:\"uagb\/faq\";i:0;s:14:\"uagb\/faq-child\";i:0;s:10:\"uagb\/forms\";i:0;s:17:\"uagb\/forms-accept\";i:0;s:19:\"uagb\/forms-checkbox\";i:0;s:15:\"uagb\/forms-date\";i:0;s:16:\"uagb\/forms-email\";i:0;s:17:\"uagb\/forms-hidden\";i:0;s:15:\"uagb\/forms-name\";i:0;s:16:\"uagb\/forms-phone\";i:0;s:16:\"uagb\/forms-radio\";i:0;s:17:\"uagb\/forms-select\";i:0;s:19:\"uagb\/forms-textarea\";i:0;s:17:\"uagb\/forms-toggle\";i:0;s:14:\"uagb\/forms-url\";i:0;s:14:\"uagb\/gf-styler\";i:0;s:15:\"uagb\/google-map\";i:0;s:11:\"uagb\/how-to\";i:0;s:16:\"uagb\/how-to-step\";i:0;s:9:\"uagb\/icon\";i:0;s:14:\"uagb\/icon-list\";i:0;s:20:\"uagb\/icon-list-child\";i:0;s:10:\"uagb\/image\";i:0;s:18:\"uagb\/image-gallery\";i:0;s:13:\"uagb\/info-box\";i:0;s:18:\"uagb\/inline-notice\";i:0;s:11:\"uagb\/lottie\";i:0;s:21:\"uagb\/marketing-button\";i:0;s:10:\"uagb\/modal\";i:0;s:18:\"uagb\/popup-builder\";i:0;s:16:\"uagb\/post-button\";i:0;s:18:\"uagb\/post-carousel\";i:0;s:17:\"uagb\/post-excerpt\";i:0;s:14:\"uagb\/post-grid\";i:0;s:15:\"uagb\/post-image\";i:0;s:17:\"uagb\/post-masonry\";i:0;s:14:\"uagb\/post-meta\";i:0;s:18:\"uagb\/post-taxonomy\";i:0;s:18:\"uagb\/post-timeline\";i:0;s:15:\"uagb\/post-title\";i:0;s:20:\"uagb\/restaurant-menu\";i:0;s:26:\"uagb\/restaurant-menu-child\";i:0;s:11:\"uagb\/review\";i:0;s:12:\"uagb\/section\";i:0;s:14:\"uagb\/separator\";i:0;s:11:\"uagb\/slider\";i:0;s:17:\"uagb\/slider-child\";i:0;s:17:\"uagb\/social-share\";i:0;s:23:\"uagb\/social-share-child\";i:0;s:16:\"uagb\/star-rating\";i:0;s:23:\"uagb\/sure-cart-checkout\";i:0;s:22:\"uagb\/sure-cart-product\";i:0;s:15:\"uagb\/sure-forms\";i:0;s:22:\"uagb\/table-of-contents\";i:0;s:9:\"uagb\/tabs\";i:0;s:15:\"uagb\/tabs-child\";i:0;s:18:\"uagb\/taxonomy-list\";i:0;s:9:\"uagb\/team\";i:0;s:16:\"uagb\/testimonial\";i:0;s:14:\"uagb\/wp-search\";i:0;s:19:\"uagb\/instagram-feed\";i:0;s:10:\"uagb\/login\";i:0;s:17:\"uagb\/loop-builder\";i:0;s:18:\"uagb\/loop-category\";i:0;s:20:\"uagb\/loop-pagination\";i:0;s:15:\"uagb\/loop-reset\";i:0;s:16:\"uagb\/loop-search\";i:0;s:14:\"uagb\/loop-sort\";i:0;s:17:\"uagb\/loop-wrapper\";i:0;s:13:\"uagb\/register\";i:0;s:19:\"uagb\/register-email\";i:0;s:24:\"uagb\/register-first-name\";i:0;s:23:\"uagb\/register-last-name\";i:0;s:22:\"uagb\/register-password\";i:0;s:30:\"uagb\/register-reenter-password\";i:0;s:19:\"uagb\/register-terms\";i:0;s:22:\"uagb\/register-username\";i:0;}"],"_uag_page_assets":["a:9:{s:3:\"css\";s:761:\".wp-block-uagb-advanced-heading.uagb-block-ee26ac92.wp-block-uagb-advanced-heading .uagb-desc-text{margin-bottom: 15px;}.wp-block-uagb-advanced-heading.uagb-block-ee26ac92.wp-block-uagb-advanced-heading .uagb-highlight{font-style: normal;font-weight: Default;background: #007cba;color: #fff;-webkit-text-fill-color: #fff;}.wp-block-uagb-advanced-heading.uagb-block-ee26ac92.wp-block-uagb-advanced-heading .uagb-highlight::-moz-selection{color: #fff;background: #007cba;-webkit-text-fill-color: #fff;}.wp-block-uagb-advanced-heading.uagb-block-ee26ac92.wp-block-uagb-advanced-heading .uagb-highlight::selection{color: #fff;background: #007cba;-webkit-text-fill-color: #fff;}.wp-block-uagb-advanced-heading.uagb-block-ee26ac92 .uagb-heading-text{font-size: 35px;}\";s:2:\"js\";s:0:\"\";s:18:\"current_block_list\";a:11:{i:0;s:12:\"core\/heading\";i:1;s:14:\"core\/paragraph\";i:2;s:9:\"core\/html\";i:3;s:11:\"core\/search\";i:4;s:10:\"core\/group\";i:5;s:17:\"core\/latest-posts\";i:6;s:20:\"core\/latest-comments\";i:7;s:13:\"core\/archives\";i:8;s:15:\"core\/categories\";i:9;s:10:\"core\/image\";i:10;s:21:\"uagb\/advanced-heading\";}s:8:\"uag_flag\";b:1;s:11:\"uag_version\";s:10:\"1774982917\";s:6:\"gfonts\";a:0:{}s:10:\"gfonts_url\";s:0:\"\";s:12:\"gfonts_files\";a:0:{}s:14:\"uag_faq_layout\";b:0;}"]},"uagb_featured_image_src":{"full":false,"thumbnail":false,"medium":false,"medium_large":false,"large":false,"1536x1536":false,"2048x2048":false,"trp-custom-language-flag":false,"widget-thumbnail":false,"mailpoet_newsletter_max":false},"uagb_author_info":{"display_name":"woosimon","author_link":"https:\/\/gustavosassone.com\/en\/author\/woosimon\/"},"uagb_comment_info":0,"uagb_excerpt":"Pol\u00edtica de cookies Esta Pol\u00edtica de cookies explica qu\u00e9 son las cookies y c\u00f3mo las usamos, los tipos de cookies que usamos, es decir, la informaci\u00f3n que recopilamos usando cookies y c\u00f3mo se usa esa informaci\u00f3n, y c\u00f3mo controlar las preferencias de cookies. Para obtener m\u00e1s informaci\u00f3n sobre c\u00f3mo usamos, almacenamos y mantenemos seguros sus&hellip;","_links":{"self":[{"href":"https:\/\/gustavosassone.com\/en\/wp-json\/wp\/v2\/pages\/2247","targetHints":{"allow":["GET"]}}],"collection":[{"href":"https:\/\/gustavosassone.com\/en\/wp-json\/wp\/v2\/pages"}],"about":[{"href":"https:\/\/gustavosassone.com\/en\/wp-json\/wp\/v2\/types\/page"}],"author":[{"embeddable":true,"href":"https:\/\/gustavosassone.com\/en\/wp-json\/wp\/v2\/users\/1"}],"replies":[{"embeddable":true,"href":"https:\/\/gustavosassone.com\/en\/wp-json\/wp\/v2\/comments?post=2247"}],"version-history":[{"count":3,"href":"https:\/\/gustavosassone.com\/en\/wp-json\/wp\/v2\/pages\/2247\/revisions"}],"predecessor-version":[{"id":4229,"href":"https:\/\/gustavosassone.com\/en\/wp-json\/wp\/v2\/pages\/2247\/revisions\/4229"}],"wp:attachment":[{"href":"https:\/\/gustavosassone.com\/en\/wp-json\/wp\/v2\/media?parent=2247"}],"curies":[{"name":"wp","href":"https:\/\/api.w.org\/{rel}","templated":true}]}}